{"id":59,"date":"2026-01-03T18:09:31","date_gmt":"2026-01-03T18:09:31","guid":{"rendered":"https:\/\/binary-cake.ch\/?page_id=59"},"modified":"2026-01-03T19:03:41","modified_gmt":"2026-01-03T19:03:41","slug":"kurse","status":"publish","type":"page","link":"https:\/\/binary-cake.ch\/?page_id=59","title":{"rendered":"Kurse"},"content":{"rendered":"\n<p>Entdecken Sie die Welt des Programmierens und erweitern Sie gezielt <strong>Ihre digitalen Kompetenzen<\/strong> \u2013 praxisnah, verst\u00e4ndlich und auf dem neuesten Stand. Meine Kurse decken verschiedene <strong>Programmiersprachen<\/strong> (s. unten) sowie <strong>KI-Nutzung<\/strong> ab und richten sich sowohl an Einsteiger ohne Vorkenntnisse als auch an Fortgeschrittene, die ihr Wissen vertiefen m\u00f6chten. Lernen Sie strukturiert, effizient und mit direktem Mehrwert f\u00fcr Studium, Beruf oder eigene Projekte. Starten Sie jetzt und machen Sie den n\u00e4chsten Schritt in Richtung technischer Souver\u00e4nit\u00e4t.<\/p>\n\n\n\n<p>Die Kurse finden bei Ihnen zuhause oder bei mir in Trimbach statt. M\u00f6glich ist auch eine Schulung per Video-Call.<\/p>\n\n\n\n<h3 class=\"wp-block-heading\">Programmiersprachen<\/h3>\n\n\n\n<h4 class=\"wp-block-heading\">F\u00fcr Online-Anwendung<\/h4>\n\n\n\n<ul class=\"wp-block-list\">\n<li>HTML 5<\/li>\n\n\n\n<li>CSS<\/li>\n\n\n\n<li>JavaScript<\/li>\n\n\n\n<li>PHP 8<\/li>\n<\/ul>\n\n\n\n<h4 class=\"wp-block-heading\">Allgemeine Programmier- und Entwicklungssprachen<br>(Software, Automatisierung, Wissenschaft, Textverarbeitung)<\/h4>\n\n\n\n<ul class=\"wp-block-list\">\n<li>C++<\/li>\n\n\n\n<li>Python<\/li>\n\n\n\n<li>LaTeX<\/li>\n<\/ul>\n\n\n\n<p><\/p>\n","protected":false},"excerpt":{"rendered":"<p>Entdecken Sie die Welt des Programmierens und erweitern Sie gezielt Ihre digitalen Kompetenzen \u2013 praxisnah, verst\u00e4ndlich und auf dem neuesten Stand. Meine Kurse decken verschiedene Programmiersprachen (s. unten) sowie KI-Nutzung ab und richten sich sowohl an Einsteiger ohne Vorkenntnisse als auch an Fortgeschrittene, die ihr&hellip;<\/p>\n","protected":false},"author":2,"featured_media":0,"parent":0,"menu_order":0,"comment_status":"closed","ping_status":"closed","template":"","meta":{"footnotes":""},"class_list":["post-59","page","type-page","status-publish","hentry"],"yoast_head":"<!-- This site is optimized with the Yoast SEO plugin v27.4 - https:\/\/yoast.com\/product\/yoast-seo-wordpress\/ -->\n<title>Kurse - Binary-Cake<\/title>\n<meta name=\"robots\" content=\"index, follow, max-snippet:-1, max-image-preview:large, max-video-preview:-1\" \/>\n<link rel=\"canonical\" href=\"https:\/\/binary-cake.ch\/?page_id=59\" \/>\n<meta property=\"og:locale\" content=\"de_DE\" \/>\n<meta property=\"og:type\" content=\"article\" \/>\n<meta property=\"og:title\" content=\"Kurse - Binary-Cake\" \/>\n<meta property=\"og:description\" content=\"Entdecken Sie die Welt des Programmierens und erweitern Sie gezielt Ihre digitalen Kompetenzen \u2013 praxisnah, verst\u00e4ndlich und auf dem neuesten Stand. Meine Kurse decken verschiedene Programmiersprachen (s. unten) sowie KI-Nutzung ab und richten sich sowohl an Einsteiger ohne Vorkenntnisse als auch an Fortgeschrittene, die ihr&hellip;\" \/>\n<meta property=\"og:url\" content=\"https:\/\/binary-cake.ch\/?page_id=59\" \/>\n<meta property=\"og:site_name\" content=\"Binary-Cake\" \/>\n<meta property=\"article:modified_time\" content=\"2026-01-03T19:03:41+00:00\" \/>\n<meta name=\"twitter:card\" content=\"summary_large_image\" \/>\n<meta name=\"twitter:label1\" content=\"Gesch\u00e4tzte Lesezeit\" \/>\n\t<meta name=\"twitter:data1\" content=\"1\u00a0Minute\" \/>\n<script type=\"application\/ld+json\" class=\"yoast-schema-graph\">{\"@context\":\"https:\\\/\\\/schema.org\",\"@graph\":[{\"@type\":\"WebPage\",\"@id\":\"https:\\\/\\\/binary-cake.ch\\\/?page_id=59\",\"url\":\"https:\\\/\\\/binary-cake.ch\\\/?page_id=59\",\"name\":\"Kurse - Binary-Cake\",\"isPartOf\":{\"@id\":\"https:\\\/\\\/binary-cake.ch\\\/#website\"},\"datePublished\":\"2026-01-03T18:09:31+00:00\",\"dateModified\":\"2026-01-03T19:03:41+00:00\",\"breadcrumb\":{\"@id\":\"https:\\\/\\\/binary-cake.ch\\\/?page_id=59#breadcrumb\"},\"inLanguage\":\"de\",\"potentialAction\":[{\"@type\":\"ReadAction\",\"target\":[\"https:\\\/\\\/binary-cake.ch\\\/?page_id=59\"]}]},{\"@type\":\"BreadcrumbList\",\"@id\":\"https:\\\/\\\/binary-cake.ch\\\/?page_id=59#breadcrumb\",\"itemListElement\":[{\"@type\":\"ListItem\",\"position\":1,\"name\":\"Startseite\",\"item\":\"https:\\\/\\\/binary-cake.ch\\\/\"},{\"@type\":\"ListItem\",\"position\":2,\"name\":\"Kurse\"}]},{\"@type\":\"WebSite\",\"@id\":\"https:\\\/\\\/binary-cake.ch\\\/#website\",\"url\":\"https:\\\/\\\/binary-cake.ch\\\/\",\"name\":\"Binary-Cake\",\"description\":\"\",\"publisher\":{\"@id\":\"https:\\\/\\\/binary-cake.ch\\\/#organization\"},\"potentialAction\":[{\"@type\":\"SearchAction\",\"target\":{\"@type\":\"EntryPoint\",\"urlTemplate\":\"https:\\\/\\\/binary-cake.ch\\\/?s={search_term_string}\"},\"query-input\":{\"@type\":\"PropertyValueSpecification\",\"valueRequired\":true,\"valueName\":\"search_term_string\"}}],\"inLanguage\":\"de\"},{\"@type\":\"Organization\",\"@id\":\"https:\\\/\\\/binary-cake.ch\\\/#organization\",\"name\":\"Binary-Cake\",\"url\":\"https:\\\/\\\/binary-cake.ch\\\/\",\"logo\":{\"@type\":\"ImageObject\",\"inLanguage\":\"de\",\"@id\":\"https:\\\/\\\/binary-cake.ch\\\/#\\\/schema\\\/logo\\\/image\\\/\",\"url\":\"https:\\\/\\\/binary-cake.ch\\\/wp-content\\\/uploads\\\/2026\\\/01\\\/cropped-Logo-Header.png\",\"contentUrl\":\"https:\\\/\\\/binary-cake.ch\\\/wp-content\\\/uploads\\\/2026\\\/01\\\/cropped-Logo-Header.png\",\"width\":333,\"height\":100,\"caption\":\"Binary-Cake\"},\"image\":{\"@id\":\"https:\\\/\\\/binary-cake.ch\\\/#\\\/schema\\\/logo\\\/image\\\/\"}}]}<\/script>\n<!-- \/ Yoast SEO plugin. -->","yoast_head_json":{"title":"Kurse - Binary-Cake","robots":{"index":"index","follow":"follow","max-snippet":"max-snippet:-1","max-image-preview":"max-image-preview:large","max-video-preview":"max-video-preview:-1"},"canonical":"https:\/\/binary-cake.ch\/?page_id=59","og_locale":"de_DE","og_type":"article","og_title":"Kurse - Binary-Cake","og_description":"Entdecken Sie die Welt des Programmierens und erweitern Sie gezielt Ihre digitalen Kompetenzen \u2013 praxisnah, verst\u00e4ndlich und auf dem neuesten Stand. Meine Kurse decken verschiedene Programmiersprachen (s. unten) sowie KI-Nutzung ab und richten sich sowohl an Einsteiger ohne Vorkenntnisse als auch an Fortgeschrittene, die ihr&hellip;","og_url":"https:\/\/binary-cake.ch\/?page_id=59","og_site_name":"Binary-Cake","article_modified_time":"2026-01-03T19:03:41+00:00","twitter_card":"summary_large_image","twitter_misc":{"Gesch\u00e4tzte Lesezeit":"1\u00a0Minute"},"schema":{"@context":"https:\/\/schema.org","@graph":[{"@type":"WebPage","@id":"https:\/\/binary-cake.ch\/?page_id=59","url":"https:\/\/binary-cake.ch\/?page_id=59","name":"Kurse - Binary-Cake","isPartOf":{"@id":"https:\/\/binary-cake.ch\/#website"},"datePublished":"2026-01-03T18:09:31+00:00","dateModified":"2026-01-03T19:03:41+00:00","breadcrumb":{"@id":"https:\/\/binary-cake.ch\/?page_id=59#breadcrumb"},"inLanguage":"de","potentialAction":[{"@type":"ReadAction","target":["https:\/\/binary-cake.ch\/?page_id=59"]}]},{"@type":"BreadcrumbList","@id":"https:\/\/binary-cake.ch\/?page_id=59#breadcrumb","itemListElement":[{"@type":"ListItem","position":1,"name":"Startseite","item":"https:\/\/binary-cake.ch\/"},{"@type":"ListItem","position":2,"name":"Kurse"}]},{"@type":"WebSite","@id":"https:\/\/binary-cake.ch\/#website","url":"https:\/\/binary-cake.ch\/","name":"Binary-Cake","description":"","publisher":{"@id":"https:\/\/binary-cake.ch\/#organization"},"potentialAction":[{"@type":"SearchAction","target":{"@type":"EntryPoint","urlTemplate":"https:\/\/binary-cake.ch\/?s={search_term_string}"},"query-input":{"@type":"PropertyValueSpecification","valueRequired":true,"valueName":"search_term_string"}}],"inLanguage":"de"},{"@type":"Organization","@id":"https:\/\/binary-cake.ch\/#organization","name":"Binary-Cake","url":"https:\/\/binary-cake.ch\/","logo":{"@type":"ImageObject","inLanguage":"de","@id":"https:\/\/binary-cake.ch\/#\/schema\/logo\/image\/","url":"https:\/\/binary-cake.ch\/wp-content\/uploads\/2026\/01\/cropped-Logo-Header.png","contentUrl":"https:\/\/binary-cake.ch\/wp-content\/uploads\/2026\/01\/cropped-Logo-Header.png","width":333,"height":100,"caption":"Binary-Cake"},"image":{"@id":"https:\/\/binary-cake.ch\/#\/schema\/logo\/image\/"}}]}},"_links":{"self":[{"href":"https:\/\/binary-cake.ch\/index.php?rest_route=\/wp\/v2\/pages\/59","targetHints":{"allow":["GET"]}}],"collection":[{"href":"https:\/\/binary-cake.ch\/index.php?rest_route=\/wp\/v2\/pages"}],"about":[{"href":"https:\/\/binary-cake.ch\/index.php?rest_route=\/wp\/v2\/types\/page"}],"author":[{"embeddable":true,"href":"https:\/\/binary-cake.ch\/index.php?rest_route=\/wp\/v2\/users\/2"}],"replies":[{"embeddable":true,"href":"https:\/\/binary-cake.ch\/index.php?rest_route=%2Fwp%2Fv2%2Fcomments&post=59"}],"version-history":[{"count":3,"href":"https:\/\/binary-cake.ch\/index.php?rest_route=\/wp\/v2\/pages\/59\/revisions"}],"predecessor-version":[{"id":71,"href":"https:\/\/binary-cake.ch\/index.php?rest_route=\/wp\/v2\/pages\/59\/revisions\/71"}],"wp:attachment":[{"href":"https:\/\/binary-cake.ch\/index.php?rest_route=%2Fwp%2Fv2%2Fmedia&parent=59"}],"curies":[{"name":"wp","href":"https:\/\/api.w.org\/{rel}","templated":true}]}}