{"id":65,"date":"2026-01-03T18:33:38","date_gmt":"2026-01-03T18:33:38","guid":{"rendered":"https:\/\/binary-cake.ch\/?page_id=65"},"modified":"2026-01-03T18:33:40","modified_gmt":"2026-01-03T18:33:40","slug":"software-entwicklung","status":"publish","type":"page","link":"https:\/\/binary-cake.ch\/?page_id=65","title":{"rendered":"Software-Entwicklung"},"content":{"rendered":"\n<p>Ich entwickle ma\u00dfgeschneiderte Softwarel\u00f6sungen, die exakt auf Ihre fachlichen und technischen Anforderungen abgestimmt sind. Ob zuverl\u00e4ssige Web-Applikationen, Stand-Alone-Programme oder professionell strukturierte LaTeX-Templates f\u00fcr wissenschaftliche Arbeiten \u2013 Sie erhalten eine durchdachte und nachhaltige L\u00f6sung. Dabei lege ich besonderen Wert auf saubere Architektur, Wartbarkeit und praxisnahe Umsetzung. So entsteht Software, die Sie effizient unterst\u00fctzt und langfristig Mehrwert schafft.<\/p>\n","protected":false},"excerpt":{"rendered":"<p>Ich entwickle ma\u00dfgeschneiderte Softwarel\u00f6sungen, die exakt auf Ihre fachlichen und technischen Anforderungen abgestimmt sind. Ob zuverl\u00e4ssige Web-Applikationen, Stand-Alone-Programme oder professionell strukturierte LaTeX-Templates f\u00fcr wissenschaftliche Arbeiten \u2013 Sie erhalten eine durchdachte und nachhaltige L\u00f6sung. Dabei lege ich besonderen Wert auf saubere Architektur, Wartbarkeit und praxisnahe Umsetzung.&hellip;<\/p>\n","protected":false},"author":2,"featured_media":0,"parent":0,"menu_order":0,"comment_status":"closed","ping_status":"closed","template":"","meta":{"footnotes":""},"class_list":["post-65","page","type-page","status-publish","hentry"],"yoast_head":"<!-- This site is optimized with the Yoast SEO plugin v27.4 - https:\/\/yoast.com\/product\/yoast-seo-wordpress\/ -->\n<title>Software-Entwicklung - Binary-Cake<\/title>\n<meta name=\"robots\" content=\"index, follow, max-snippet:-1, max-image-preview:large, max-video-preview:-1\" \/>\n<link rel=\"canonical\" href=\"https:\/\/binary-cake.ch\/?page_id=65\" \/>\n<meta property=\"og:locale\" content=\"de_DE\" \/>\n<meta property=\"og:type\" content=\"article\" \/>\n<meta property=\"og:title\" content=\"Software-Entwicklung - Binary-Cake\" \/>\n<meta property=\"og:description\" content=\"Ich entwickle ma\u00dfgeschneiderte Softwarel\u00f6sungen, die exakt auf Ihre fachlichen und technischen Anforderungen abgestimmt sind. Ob zuverl\u00e4ssige Web-Applikationen, Stand-Alone-Programme oder professionell strukturierte LaTeX-Templates f\u00fcr wissenschaftliche Arbeiten \u2013 Sie erhalten eine durchdachte und nachhaltige L\u00f6sung. Dabei lege ich besonderen Wert auf saubere Architektur, Wartbarkeit und praxisnahe Umsetzung.&hellip;\" \/>\n<meta property=\"og:url\" content=\"https:\/\/binary-cake.ch\/?page_id=65\" \/>\n<meta property=\"og:site_name\" content=\"Binary-Cake\" \/>\n<meta property=\"article:modified_time\" content=\"2026-01-03T18:33:40+00:00\" \/>\n<meta name=\"twitter:card\" content=\"summary_large_image\" \/>\n<meta name=\"twitter:label1\" content=\"Gesch\u00e4tzte Lesezeit\" \/>\n\t<meta name=\"twitter:data1\" content=\"1\u00a0Minute\" \/>\n<script type=\"application\/ld+json\" class=\"yoast-schema-graph\">{\"@context\":\"https:\\\/\\\/schema.org\",\"@graph\":[{\"@type\":\"WebPage\",\"@id\":\"https:\\\/\\\/binary-cake.ch\\\/?page_id=65\",\"url\":\"https:\\\/\\\/binary-cake.ch\\\/?page_id=65\",\"name\":\"Software-Entwicklung - Binary-Cake\",\"isPartOf\":{\"@id\":\"https:\\\/\\\/binary-cake.ch\\\/#website\"},\"datePublished\":\"2026-01-03T18:33:38+00:00\",\"dateModified\":\"2026-01-03T18:33:40+00:00\",\"breadcrumb\":{\"@id\":\"https:\\\/\\\/binary-cake.ch\\\/?page_id=65#breadcrumb\"},\"inLanguage\":\"de\",\"potentialAction\":[{\"@type\":\"ReadAction\",\"target\":[\"https:\\\/\\\/binary-cake.ch\\\/?page_id=65\"]}]},{\"@type\":\"BreadcrumbList\",\"@id\":\"https:\\\/\\\/binary-cake.ch\\\/?page_id=65#breadcrumb\",\"itemListElement\":[{\"@type\":\"ListItem\",\"position\":1,\"name\":\"Startseite\",\"item\":\"https:\\\/\\\/binary-cake.ch\\\/\"},{\"@type\":\"ListItem\",\"position\":2,\"name\":\"Software-Entwicklung\"}]},{\"@type\":\"WebSite\",\"@id\":\"https:\\\/\\\/binary-cake.ch\\\/#website\",\"url\":\"https:\\\/\\\/binary-cake.ch\\\/\",\"name\":\"Binary-Cake\",\"description\":\"\",\"publisher\":{\"@id\":\"https:\\\/\\\/binary-cake.ch\\\/#organization\"},\"potentialAction\":[{\"@type\":\"SearchAction\",\"target\":{\"@type\":\"EntryPoint\",\"urlTemplate\":\"https:\\\/\\\/binary-cake.ch\\\/?s={search_term_string}\"},\"query-input\":{\"@type\":\"PropertyValueSpecification\",\"valueRequired\":true,\"valueName\":\"search_term_string\"}}],\"inLanguage\":\"de\"},{\"@type\":\"Organization\",\"@id\":\"https:\\\/\\\/binary-cake.ch\\\/#organization\",\"name\":\"Binary-Cake\",\"url\":\"https:\\\/\\\/binary-cake.ch\\\/\",\"logo\":{\"@type\":\"ImageObject\",\"inLanguage\":\"de\",\"@id\":\"https:\\\/\\\/binary-cake.ch\\\/#\\\/schema\\\/logo\\\/image\\\/\",\"url\":\"https:\\\/\\\/binary-cake.ch\\\/wp-content\\\/uploads\\\/2026\\\/01\\\/cropped-Logo-Header.png\",\"contentUrl\":\"https:\\\/\\\/binary-cake.ch\\\/wp-content\\\/uploads\\\/2026\\\/01\\\/cropped-Logo-Header.png\",\"width\":333,\"height\":100,\"caption\":\"Binary-Cake\"},\"image\":{\"@id\":\"https:\\\/\\\/binary-cake.ch\\\/#\\\/schema\\\/logo\\\/image\\\/\"}}]}<\/script>\n<!-- \/ Yoast SEO plugin. -->","yoast_head_json":{"title":"Software-Entwicklung - Binary-Cake","robots":{"index":"index","follow":"follow","max-snippet":"max-snippet:-1","max-image-preview":"max-image-preview:large","max-video-preview":"max-video-preview:-1"},"canonical":"https:\/\/binary-cake.ch\/?page_id=65","og_locale":"de_DE","og_type":"article","og_title":"Software-Entwicklung - Binary-Cake","og_description":"Ich entwickle ma\u00dfgeschneiderte Softwarel\u00f6sungen, die exakt auf Ihre fachlichen und technischen Anforderungen abgestimmt sind. Ob zuverl\u00e4ssige Web-Applikationen, Stand-Alone-Programme oder professionell strukturierte LaTeX-Templates f\u00fcr wissenschaftliche Arbeiten \u2013 Sie erhalten eine durchdachte und nachhaltige L\u00f6sung. Dabei lege ich besonderen Wert auf saubere Architektur, Wartbarkeit und praxisnahe Umsetzung.&hellip;","og_url":"https:\/\/binary-cake.ch\/?page_id=65","og_site_name":"Binary-Cake","article_modified_time":"2026-01-03T18:33:40+00:00","twitter_card":"summary_large_image","twitter_misc":{"Gesch\u00e4tzte Lesezeit":"1\u00a0Minute"},"schema":{"@context":"https:\/\/schema.org","@graph":[{"@type":"WebPage","@id":"https:\/\/binary-cake.ch\/?page_id=65","url":"https:\/\/binary-cake.ch\/?page_id=65","name":"Software-Entwicklung - Binary-Cake","isPartOf":{"@id":"https:\/\/binary-cake.ch\/#website"},"datePublished":"2026-01-03T18:33:38+00:00","dateModified":"2026-01-03T18:33:40+00:00","breadcrumb":{"@id":"https:\/\/binary-cake.ch\/?page_id=65#breadcrumb"},"inLanguage":"de","potentialAction":[{"@type":"ReadAction","target":["https:\/\/binary-cake.ch\/?page_id=65"]}]},{"@type":"BreadcrumbList","@id":"https:\/\/binary-cake.ch\/?page_id=65#breadcrumb","itemListElement":[{"@type":"ListItem","position":1,"name":"Startseite","item":"https:\/\/binary-cake.ch\/"},{"@type":"ListItem","position":2,"name":"Software-Entwicklung"}]},{"@type":"WebSite","@id":"https:\/\/binary-cake.ch\/#website","url":"https:\/\/binary-cake.ch\/","name":"Binary-Cake","description":"","publisher":{"@id":"https:\/\/binary-cake.ch\/#organization"},"potentialAction":[{"@type":"SearchAction","target":{"@type":"EntryPoint","urlTemplate":"https:\/\/binary-cake.ch\/?s={search_term_string}"},"query-input":{"@type":"PropertyValueSpecification","valueRequired":true,"valueName":"search_term_string"}}],"inLanguage":"de"},{"@type":"Organization","@id":"https:\/\/binary-cake.ch\/#organization","name":"Binary-Cake","url":"https:\/\/binary-cake.ch\/","logo":{"@type":"ImageObject","inLanguage":"de","@id":"https:\/\/binary-cake.ch\/#\/schema\/logo\/image\/","url":"https:\/\/binary-cake.ch\/wp-content\/uploads\/2026\/01\/cropped-Logo-Header.png","contentUrl":"https:\/\/binary-cake.ch\/wp-content\/uploads\/2026\/01\/cropped-Logo-Header.png","width":333,"height":100,"caption":"Binary-Cake"},"image":{"@id":"https:\/\/binary-cake.ch\/#\/schema\/logo\/image\/"}}]}},"_links":{"self":[{"href":"https:\/\/binary-cake.ch\/index.php?rest_route=\/wp\/v2\/pages\/65","targetHints":{"allow":["GET"]}}],"collection":[{"href":"https:\/\/binary-cake.ch\/index.php?rest_route=\/wp\/v2\/pages"}],"about":[{"href":"https:\/\/binary-cake.ch\/index.php?rest_route=\/wp\/v2\/types\/page"}],"author":[{"embeddable":true,"href":"https:\/\/binary-cake.ch\/index.php?rest_route=\/wp\/v2\/users\/2"}],"replies":[{"embeddable":true,"href":"https:\/\/binary-cake.ch\/index.php?rest_route=%2Fwp%2Fv2%2Fcomments&post=65"}],"version-history":[{"count":1,"href":"https:\/\/binary-cake.ch\/index.php?rest_route=\/wp\/v2\/pages\/65\/revisions"}],"predecessor-version":[{"id":66,"href":"https:\/\/binary-cake.ch\/index.php?rest_route=\/wp\/v2\/pages\/65\/revisions\/66"}],"wp:attachment":[{"href":"https:\/\/binary-cake.ch\/index.php?rest_route=%2Fwp%2Fv2%2Fmedia&parent=65"}],"curies":[{"name":"wp","href":"https:\/\/api.w.org\/{rel}","templated":true}]}}